{"id":1470,"date":"2018-12-23T21:10:47","date_gmt":"2018-12-24T00:10:47","guid":{"rendered":"http:\/\/socialysolidaria.com\/?page_id=1470"},"modified":"2019-11-05T12:32:58","modified_gmt":"2019-11-05T15:32:58","slug":"capacitacion","status":"publish","type":"page","link":"https:\/\/www.socialysolidaria.com\/index.php\/capacitacion\/","title":{"rendered":"Capacitaci\u00f3n"},"content":{"rendered":"\t\t<div data-elementor-type=\"wp-post\" data-elementor-id=\"1470\" class=\"elementor elementor-1470\">\n\t\t\t\t\t\t<section class=\"elementor-section elementor-top-section elementor-element elementor-element-361c0cf3 elementor-section-boxed elementor-section-height-default elementor-section-height-default\" data-id=\"361c0cf3\" data-element_type=\"section\" data-e-type=\"section\" data-settings=\"{&quot;background_background&quot;:&quot;classic&quot;}\">\n\t\t\t\t\t\t<div class=\"elementor-container elementor-column-gap-default\">\n\t\t\t\t\t<div class=\"elementor-column elementor-col-100 elementor-top-column elementor-element elementor-element-a63fc9e\" data-id=\"a63fc9e\" data-element_type=\"column\" data-e-type=\"column\">\n\t\t\t<div class=\"elementor-widget-wrap elementor-element-populated\">\n\t\t\t\t\t\t<div class=\"elementor-element elementor-element-451db4d elementor-widget elementor-widget-spacer\" data-id=\"451db4d\" data-element_type=\"widget\" data-e-type=\"widget\" data-widget_type=\"spacer.default\">\n\t\t\t\t<div class=\"elementor-widget-container\">\n\t\t\t\t\t\t\t<div class=\"elementor-spacer\">\n\t\t\t<div class=\"elementor-spacer-inner\"><\/div>\n\t\t<\/div>\n\t\t\t\t\t\t<\/div>\n\t\t\t\t<\/div>\n\t\t\t\t<section class=\"elementor-section elementor-inner-section elementor-element elementor-element-e1728f3 elementor-section-full_width elementor-section-height-default elementor-section-height-default\" data-id=\"e1728f3\" data-element_type=\"section\" data-e-type=\"section\">\n\t\t\t\t\t\t<div class=\"elementor-container elementor-column-gap-default\">\n\t\t\t\t\t<div class=\"elementor-column elementor-col-100 elementor-inner-column elementor-element elementor-element-5d3a678a\" data-id=\"5d3a678a\" data-element_type=\"column\" data-e-type=\"column\">\n\t\t\t<div class=\"elementor-widget-wrap elementor-element-populated\">\n\t\t\t\t\t\t<div class=\"elementor-element elementor-element-2c491306 elementor-grid-1 elementor-posts--align-left elementor-grid-tablet-1 elementor-posts--thumbnail-none elementor-grid-mobile-1 elementor-widget elementor-widget-posts\" data-id=\"2c491306\" data-element_type=\"widget\" data-e-type=\"widget\" data-settings=\"{&quot;classic_columns&quot;:&quot;1&quot;,&quot;classic_row_gap&quot;:{&quot;unit&quot;:&quot;px&quot;,&quot;size&quot;:50,&quot;sizes&quot;:[]},&quot;classic_columns_tablet&quot;:&quot;1&quot;,&quot;pagination_type&quot;:&quot;numbers_and_prev_next&quot;,&quot;classic_columns_mobile&quot;:&quot;1&quot;,&quot;classic_row_gap_tablet&quot;:{&quot;unit&quot;:&quot;px&quot;,&quot;size&quot;:&quot;&quot;,&quot;sizes&quot;:[]},&quot;classic_row_gap_mobile&quot;:{&quot;unit&quot;:&quot;px&quot;,&quot;size&quot;:&quot;&quot;,&quot;sizes&quot;:[]}}\" data-widget_type=\"posts.classic\">\n\t\t\t\t<div class=\"elementor-widget-container\">\n\t\t\t\t\t\t\t<div class=\"elementor-posts-container elementor-posts elementor-posts--skin-classic elementor-grid\">\n\t\t\t\t<article class=\"elementor-post elementor-grid-item post-32244 post type-post status-publish format-standard has-post-thumbnail hentry category-cooperativas-de-trabajo category-cooperativas-noticias\">\n\t\t\t\t<div class=\"elementor-post__text\">\n\t\t\t\t<h3 class=\"elementor-post__title\">\n\t\t\t<a href=\"https:\/\/www.socialysolidaria.com\/index.php\/cooperativas-de-trabajo-incluidas-en-las-art\/\" >\n\t\t\t\tCOOPERATIVAS DE TRABAJO INCLUIDAS EN LAS ART\t\t\t<\/a>\n\t\t<\/h3>\n\t\t\t\t<div class=\"elementor-post__excerpt\">\n\t\t\t<p>Noticias Cooperativas COOPERATIVAS DE TRABAJO INCLUIDAS EN LAS ART Se extendi\u00f3 el \u00e1mbito de aplicaci\u00f3n de la Ley de Riesgos del Trabajo N\u00ba 24.557 a<\/p>\n\t\t<\/div>\n\t\t\t\t\t<a class=\"elementor-post__read-more\" href=\"https:\/\/www.socialysolidaria.com\/index.php\/cooperativas-de-trabajo-incluidas-en-las-art\/\" >\n\t\t\t\tLeer m\u00e1s\t\t\t<\/a>\n\t\t\t\t<\/div>\n\t\t\t\t<\/article>\n\t\t\t\t<article class=\"elementor-post elementor-grid-item post-6057 post type-post status-publish format-standard has-post-thumbnail hentry category-capacitacion-cooperativas category-cooperativas-de-trabajo\">\n\t\t\t\t<div class=\"elementor-post__text\">\n\t\t\t\t<h3 class=\"elementor-post__title\">\n\t\t\t<a href=\"https:\/\/www.socialysolidaria.com\/index.php\/las-cooperativas-de-trabajo-por-edgardo-form\/\" >\n\t\t\t\tLAS COOPERATIVAS DE TRABAJO &#8211; Por Edgardo Form\t\t\t<\/a>\n\t\t<\/h3>\n\t\t\t\t<div class=\"elementor-post__excerpt\">\n\t\t\t<p>LAS COOPERATIVAS DE TRABAJO &#8211; Por Edgardo Form Las cooperativas de trabajo existen en la Rep\u00fablica Argentina desde hace d\u00e9cadas, son de alguna manera herederas<\/p>\n\t\t<\/div>\n\t\t\t\t\t<a class=\"elementor-post__read-more\" href=\"https:\/\/www.socialysolidaria.com\/index.php\/las-cooperativas-de-trabajo-por-edgardo-form\/\" >\n\t\t\t\tLeer m\u00e1s\t\t\t<\/a>\n\t\t\t\t<\/div>\n\t\t\t\t<\/article>\n\t\t\t\t<article class=\"elementor-post elementor-grid-item post-3639 post type-post status-publish format-standard hentry category-capacitacion-cooperativas category-cooperativas-de-trabajo\">\n\t\t\t\t<div class=\"elementor-post__text\">\n\t\t\t\t<h3 class=\"elementor-post__title\">\n\t\t\t<a href=\"https:\/\/www.socialysolidaria.com\/index.php\/preguntas-frecuentes-sobre-cooperativas\/\" >\n\t\t\t\tPREGUNTAS FRECUENTES SOBRE COOPERATIVAS\t\t\t<\/a>\n\t\t<\/h3>\n\t\t\t\t<div class=\"elementor-post__excerpt\">\n\t\t\t<p>La auditor\u00eda externa puede ser desempe\u00f1ada por el s\u00edndico cuando este tuviera la calidad profesional indicada (CPN) fundamento en el grado de independencia de su opini\u00f3n.<\/p>\n\t\t<\/div>\n\t\t\t\t\t<a class=\"elementor-post__read-more\" href=\"https:\/\/www.socialysolidaria.com\/index.php\/preguntas-frecuentes-sobre-cooperativas\/\" >\n\t\t\t\tLeer m\u00e1s\t\t\t<\/a>\n\t\t\t\t<\/div>\n\t\t\t\t<\/article>\n\t\t\t\t<article class=\"elementor-post elementor-grid-item post-3634 post type-post status-publish format-standard has-post-thumbnail hentry category-capacitacion-general-y-mutualismo category-cooperativas-de-trabajo\">\n\t\t\t\t<div class=\"elementor-post__text\">\n\t\t\t\t<h3 class=\"elementor-post__title\">\n\t\t\t<a href=\"https:\/\/www.socialysolidaria.com\/index.php\/los-temas-que-preocupan-a-las-entidades-ajuste-por-inflacion\/\" >\n\t\t\t\tCOOPERATIVAS Y MUTUALES: AJUSTE POR INFLACI\u00d3N\t\t\t<\/a>\n\t\t<\/h3>\n\t\t\t\t<div class=\"elementor-post__excerpt\">\n\t\t\t<p>La inflaci\u00f3n es el deterioro del signo monetario, incrementan los precios, y disminuye el poder adquisitivo; los per\u00edodos en los Estados Financieros no son comparables y hay que hacer la correcci\u00f3n. <\/p>\n\t\t<\/div>\n\t\t\t\t\t<a class=\"elementor-post__read-more\" href=\"https:\/\/www.socialysolidaria.com\/index.php\/los-temas-que-preocupan-a-las-entidades-ajuste-por-inflacion\/\" >\n\t\t\t\tLeer m\u00e1s\t\t\t<\/a>\n\t\t\t\t<\/div>\n\t\t\t\t<\/article>\n\t\t\t\t<article class=\"elementor-post elementor-grid-item post-3620 post type-post status-publish format-standard has-post-thumbnail hentry category-capacitacion category-capacitacion-general-y-mutualismo category-cooperativas-de-trabajo\">\n\t\t\t\t<div class=\"elementor-post__text\">\n\t\t\t\t<h3 class=\"elementor-post__title\">\n\t\t\t<a href=\"https:\/\/www.socialysolidaria.com\/index.php\/los-temas-que-preocupan-al-mutualismo-argentino\/\" >\n\t\t\t\tLos temas que preocupan al Mutualismo Argentino\t\t\t<\/a>\n\t\t<\/h3>\n\t\t\t\t<div class=\"elementor-post__excerpt\">\n\t\t\t<p>La Federaci\u00f3n de Entidades Mutuales de Buenos Aires (FEDEMBA) organiz\u00f3 una Jornada de Capacitaci\u00f3n, el 4 de abril\/19 en la sede de la Asociaci\u00f3n de Empleados de la Administraci\u00f3n Nacional de Aduanas, de Ayuda Mutual y Previsi\u00f3n (AEANA).<\/p>\n\t\t<\/div>\n\t\t\t\t\t<a class=\"elementor-post__read-more\" href=\"https:\/\/www.socialysolidaria.com\/index.php\/los-temas-que-preocupan-al-mutualismo-argentino\/\" >\n\t\t\t\tLeer m\u00e1s\t\t\t<\/a>\n\t\t\t\t<\/div>\n\t\t\t\t<\/article>\n\t\t\t\t<article class=\"elementor-post elementor-grid-item post-1943 post type-post status-publish format-standard hentry category-capacitacion-cooperativas category-cooperativas-de-trabajo\">\n\t\t\t\t<div class=\"elementor-post__text\">\n\t\t\t\t<h3 class=\"elementor-post__title\">\n\t\t\t<a href=\"https:\/\/www.socialysolidaria.com\/index.php\/gestion-en-las-cooperativas-de-trabajo\/\" >\n\t\t\t\tGesti\u00f3n en las Cooperativas de Trabajo\t\t\t<\/a>\n\t\t<\/h3>\n\t\t\t\t<div class=\"elementor-post__excerpt\">\n\t\t\t<p>Una cooperativa de trabajo es llegar juntos a un alto del camino.<br \/>\nA veces las cooperativas est\u00e1n amenazadas por los propios cooperativistas.<br \/>\nHay que involucrar a los socios en el mantenimiento y mejora de los servicios.<\/p>\n\t\t<\/div>\n\t\t\t\t\t<a class=\"elementor-post__read-more\" href=\"https:\/\/www.socialysolidaria.com\/index.php\/gestion-en-las-cooperativas-de-trabajo\/\" >\n\t\t\t\tLeer m\u00e1s\t\t\t<\/a>\n\t\t\t\t<\/div>\n\t\t\t\t<\/article>\n\t\t\t\t<article class=\"elementor-post elementor-grid-item post-1462 post type-post status-publish format-standard hentry category-capacitacion-cooperativas category-cooperativas-de-trabajo\">\n\t\t\t\t<div class=\"elementor-post__text\">\n\t\t\t\t<h3 class=\"elementor-post__title\">\n\t\t\t<a href=\"https:\/\/www.socialysolidaria.com\/index.php\/al-formar-una-cooperativa-de-trabajo\/\" >\n\t\t\t\tAL FORMAR UNA COOPERATIVA DE TRABAJO\t\t\t<\/a>\n\t\t<\/h3>\n\t\t\t\t<div class=\"elementor-post__excerpt\">\n\t\t\t<p>Tener en cuenta:<\/p>\n<p>1-El Estatuto y los Reglamentos Internos son los que norman el accionar de la Cooperativa.<br \/>\nLos miembros del Consejo de Administraci\u00f3n son elegidos por los propios asociados.<br \/>\nLos asociados son lo que trabajan en la cooperativa . Problemas de administraci\u00f3n, como superarlos<\/p>\n\t\t<\/div>\n\t\t\t\t\t<a class=\"elementor-post__read-more\" href=\"https:\/\/www.socialysolidaria.com\/index.php\/al-formar-una-cooperativa-de-trabajo\/\" >\n\t\t\t\tLeer m\u00e1s\t\t\t<\/a>\n\t\t\t\t<\/div>\n\t\t\t\t<\/article>\n\t\t\t\t<article class=\"elementor-post elementor-grid-item post-1094 post type-post status-publish format-standard hentry category-capacitacion-general-y-mutualismo category-cooperativas-de-trabajo\">\n\t\t\t\t<div class=\"elementor-post__text\">\n\t\t\t\t<h3 class=\"elementor-post__title\">\n\t\t\t<a href=\"https:\/\/www.socialysolidaria.com\/index.php\/comparacion-entre-mutual-cooperativa-y-empresa-lucrativa\/\" >\n\t\t\t\tComparaci\u00f3n entre Mutual, Cooperativa y Empresa Lucrativa\t\t\t<\/a>\n\t\t<\/h3>\n\t\t\t\t<div class=\"elementor-post__excerpt\">\n\t\t\t<p>Comparaci\u00f3n entre Mutual, Cooperativa y Empresa Lucrativa \u00a0 Ver PDF<\/p>\n\t\t<\/div>\n\t\t\t\t\t<a class=\"elementor-post__read-more\" href=\"https:\/\/www.socialysolidaria.com\/index.php\/comparacion-entre-mutual-cooperativa-y-empresa-lucrativa\/\" >\n\t\t\t\tLeer m\u00e1s\t\t\t<\/a>\n\t\t\t\t<\/div>\n\t\t\t\t<\/article>\n\t\t\t\t<\/div>\n\n\n\t\t\n\t\t\t\t\t\t<\/div>\n\t\t\t\t<\/div>\n\t\t\t\t\t<\/div>\n\t\t<\/div>\n\t\t\t\t\t<\/div>\n\t\t<\/section>\n\t\t\t\t\t<\/div>\n\t\t<\/div>\n\t\t\t\t\t<\/div>\n\t\t<\/section>\n\t\t\t\t<\/div>\n\t\t","protected":false},"excerpt":{"rendered":"","protected":false},"author":210,"featured_media":0,"parent":0,"menu_order":0,"comment_status":"closed","ping_status":"closed","template":"elementor_canvas","meta":{"_monsterinsights_skip_tracking":false,"_monsterinsights_sitenote_active":false,"_monsterinsights_sitenote_note":"","_monsterinsights_sitenote_category":0,"footnotes":""},"class_list":["post-1470","page","type-page","status-publish","hentry"],"yoast_head":"<!-- This site is optimized with the Yoast SEO plugin v27.2 - https:\/\/yoast.com\/product\/yoast-seo-wordpress\/ -->\n<title>- Social y Solidaria<\/title>\n<meta name=\"robots\" content=\"index, follow, max-snippet:-1, max-image-preview:large, max-video-preview:-1\" \/>\n<link rel=\"canonical\" href=\"https:\/\/www.socialysolidaria.com\/index.php\/capacitacion\/\" \/>\n<meta property=\"og:locale\" content=\"es_ES\" \/>\n<meta property=\"og:type\" content=\"article\" \/>\n<meta property=\"og:title\" content=\"- Social y Solidaria\" \/>\n<meta property=\"og:url\" content=\"https:\/\/www.socialysolidaria.com\/index.php\/capacitacion\/\" \/>\n<meta property=\"og:site_name\" content=\"Social y Solidaria\" \/>\n<meta property=\"article:publisher\" content=\"https:\/\/www.facebook.com\/socialysolidaria\" \/>\n<meta property=\"article:modified_time\" content=\"2019-11-05T15:32:58+00:00\" \/>\n<meta name=\"twitter:card\" content=\"summary_large_image\" \/>\n<script type=\"application\/ld+json\" class=\"yoast-schema-graph\">{\"@context\":\"https:\/\/schema.org\",\"@graph\":[{\"@type\":\"WebPage\",\"@id\":\"https:\/\/www.socialysolidaria.com\/index.php\/capacitacion\/\",\"url\":\"https:\/\/www.socialysolidaria.com\/index.php\/capacitacion\/\",\"name\":\"- Social y Solidaria\",\"isPartOf\":{\"@id\":\"https:\/\/www.socialysolidaria.com\/#website\"},\"datePublished\":\"2018-12-24T00:10:47+00:00\",\"dateModified\":\"2019-11-05T15:32:58+00:00\",\"breadcrumb\":{\"@id\":\"https:\/\/www.socialysolidaria.com\/index.php\/capacitacion\/#breadcrumb\"},\"inLanguage\":\"es-AR\",\"potentialAction\":[{\"@type\":\"ReadAction\",\"target\":[\"https:\/\/www.socialysolidaria.com\/index.php\/capacitacion\/\"]}]},{\"@type\":\"BreadcrumbList\",\"@id\":\"https:\/\/www.socialysolidaria.com\/index.php\/capacitacion\/#breadcrumb\",\"itemListElement\":[{\"@type\":\"ListItem\",\"position\":1,\"name\":\"Portada\",\"item\":\"https:\/\/www.socialysolidaria.com\/\"},{\"@type\":\"ListItem\",\"position\":2,\"name\":\"Capacitaci\u00f3n\"}]},{\"@type\":\"WebSite\",\"@id\":\"https:\/\/www.socialysolidaria.com\/#website\",\"url\":\"https:\/\/www.socialysolidaria.com\/\",\"name\":\"Social y Solidaria\",\"description\":\"Pasi\u00f3n por el mutualismo y el cooperativismo\",\"publisher\":{\"@id\":\"https:\/\/www.socialysolidaria.com\/#organization\"},\"potentialAction\":[{\"@type\":\"SearchAction\",\"target\":{\"@type\":\"EntryPoint\",\"urlTemplate\":\"https:\/\/www.socialysolidaria.com\/?s={search_term_string}\"},\"query-input\":{\"@type\":\"PropertyValueSpecification\",\"valueRequired\":true,\"valueName\":\"search_term_string\"}}],\"inLanguage\":\"es-AR\"},{\"@type\":\"Organization\",\"@id\":\"https:\/\/www.socialysolidaria.com\/#organization\",\"name\":\"SocialySolidaria\",\"url\":\"https:\/\/www.socialysolidaria.com\/\",\"logo\":{\"@type\":\"ImageObject\",\"inLanguage\":\"es-AR\",\"@id\":\"https:\/\/www.socialysolidaria.com\/#\/schema\/logo\/image\/\",\"url\":\"https:\/\/socialysolidaria.com\/wp-content\/uploads\/2021\/10\/Logo-SS-CHICO.png\",\"contentUrl\":\"https:\/\/socialysolidaria.com\/wp-content\/uploads\/2021\/10\/Logo-SS-CHICO.png\",\"width\":250,\"height\":75,\"caption\":\"SocialySolidaria\"},\"image\":{\"@id\":\"https:\/\/www.socialysolidaria.com\/#\/schema\/logo\/image\/\"},\"sameAs\":[\"https:\/\/www.facebook.com\/socialysolidaria\"]}]}<\/script>\n<!-- \/ Yoast SEO plugin. -->","yoast_head_json":{"title":"- Social y Solidaria","robots":{"index":"index","follow":"follow","max-snippet":"max-snippet:-1","max-image-preview":"max-image-preview:large","max-video-preview":"max-video-preview:-1"},"canonical":"https:\/\/www.socialysolidaria.com\/index.php\/capacitacion\/","og_locale":"es_ES","og_type":"article","og_title":"- Social y Solidaria","og_url":"https:\/\/www.socialysolidaria.com\/index.php\/capacitacion\/","og_site_name":"Social y Solidaria","article_publisher":"https:\/\/www.facebook.com\/socialysolidaria","article_modified_time":"2019-11-05T15:32:58+00:00","twitter_card":"summary_large_image","schema":{"@context":"https:\/\/schema.org","@graph":[{"@type":"WebPage","@id":"https:\/\/www.socialysolidaria.com\/index.php\/capacitacion\/","url":"https:\/\/www.socialysolidaria.com\/index.php\/capacitacion\/","name":"- Social y Solidaria","isPartOf":{"@id":"https:\/\/www.socialysolidaria.com\/#website"},"datePublished":"2018-12-24T00:10:47+00:00","dateModified":"2019-11-05T15:32:58+00:00","breadcrumb":{"@id":"https:\/\/www.socialysolidaria.com\/index.php\/capacitacion\/#breadcrumb"},"inLanguage":"es-AR","potentialAction":[{"@type":"ReadAction","target":["https:\/\/www.socialysolidaria.com\/index.php\/capacitacion\/"]}]},{"@type":"BreadcrumbList","@id":"https:\/\/www.socialysolidaria.com\/index.php\/capacitacion\/#breadcrumb","itemListElement":[{"@type":"ListItem","position":1,"name":"Portada","item":"https:\/\/www.socialysolidaria.com\/"},{"@type":"ListItem","position":2,"name":"Capacitaci\u00f3n"}]},{"@type":"WebSite","@id":"https:\/\/www.socialysolidaria.com\/#website","url":"https:\/\/www.socialysolidaria.com\/","name":"Social y Solidaria","description":"Pasi\u00f3n por el mutualismo y el cooperativismo","publisher":{"@id":"https:\/\/www.socialysolidaria.com\/#organization"},"potentialAction":[{"@type":"SearchAction","target":{"@type":"EntryPoint","urlTemplate":"https:\/\/www.socialysolidaria.com\/?s={search_term_string}"},"query-input":{"@type":"PropertyValueSpecification","valueRequired":true,"valueName":"search_term_string"}}],"inLanguage":"es-AR"},{"@type":"Organization","@id":"https:\/\/www.socialysolidaria.com\/#organization","name":"SocialySolidaria","url":"https:\/\/www.socialysolidaria.com\/","logo":{"@type":"ImageObject","inLanguage":"es-AR","@id":"https:\/\/www.socialysolidaria.com\/#\/schema\/logo\/image\/","url":"https:\/\/socialysolidaria.com\/wp-content\/uploads\/2021\/10\/Logo-SS-CHICO.png","contentUrl":"https:\/\/socialysolidaria.com\/wp-content\/uploads\/2021\/10\/Logo-SS-CHICO.png","width":250,"height":75,"caption":"SocialySolidaria"},"image":{"@id":"https:\/\/www.socialysolidaria.com\/#\/schema\/logo\/image\/"},"sameAs":["https:\/\/www.facebook.com\/socialysolidaria"]}]}},"_links":{"self":[{"href":"https:\/\/www.socialysolidaria.com\/index.php\/wp-json\/wp\/v2\/pages\/1470","targetHints":{"allow":["GET"]}}],"collection":[{"href":"https:\/\/www.socialysolidaria.com\/index.php\/wp-json\/wp\/v2\/pages"}],"about":[{"href":"https:\/\/www.socialysolidaria.com\/index.php\/wp-json\/wp\/v2\/types\/page"}],"author":[{"embeddable":true,"href":"https:\/\/www.socialysolidaria.com\/index.php\/wp-json\/wp\/v2\/users\/210"}],"replies":[{"embeddable":true,"href":"https:\/\/www.socialysolidaria.com\/index.php\/wp-json\/wp\/v2\/comments?post=1470"}],"version-history":[{"count":17,"href":"https:\/\/www.socialysolidaria.com\/index.php\/wp-json\/wp\/v2\/pages\/1470\/revisions"}],"predecessor-version":[{"id":8984,"href":"https:\/\/www.socialysolidaria.com\/index.php\/wp-json\/wp\/v2\/pages\/1470\/revisions\/8984"}],"wp:attachment":[{"href":"https:\/\/www.socialysolidaria.com\/index.php\/wp-json\/wp\/v2\/media?parent=1470"}],"curies":[{"name":"wp","href":"https:\/\/api.w.org\/{rel}","templated":true}]}}